{"id":12796,"date":"2019-10-31T20:52:56","date_gmt":"2019-10-31T20:52:56","guid":{"rendered":"http:\/\/wordpress-docker.test:9911\/?page_id=12796"},"modified":"2026-03-17T10:25:11","modified_gmt":"2026-03-17T10:25:11","slug":"health","status":"publish","type":"page","link":"https:\/\/adratogo.org\/en\/your-impact\/health\/","title":{"rendered":"Health"},"content":{"rendered":"<div data-elementor-type=\"wp-page\" data-elementor-id=\"12796\" class=\"elementor elementor-12796\" data-elementor-post-type=\"page\">\n\t\t\t\t\t\t<section class=\"elementor-section elementor-top-section elementor-element elementor-element-19ec998 elementor-section-height-min-height elementor-section-boxed elementor-section-height-default elementor-section-items-middle\" data-id=\"19ec998\" data-element_type=\"section\" data-e-type=\"section\" data-settings=\"{&quot;background_background&quot;:&quot;classic&quot;}\">\n\t\t\t\t\t\t<div class=\"elementor-container elementor-column-gap-default\">\n\t\t\t\t\t<div class=\"elementor-column elementor-col-50 elementor-top-column elementor-element elementor-element-a02f4b1\" data-id=\"a02f4b1\" data-element_type=\"column\" data-e-type=\"column\">\n\t\t\t<div class=\"elementor-widget-wrap elementor-element-populated\">\n\t\t\t\t\t\t<div class=\"elementor-element elementor-element-88e3a32 elementor-widget elementor-widget-heading\" data-id=\"88e3a32\" data-element_type=\"widget\" data-e-type=\"widget\" data-widget_type=\"heading.default\">\n\t\t\t\t<div class=\"elementor-widget-container\">\n\t\t\t\t\t<h2 class=\"elementor-heading-title elementor-size-default\">Health<\/h2>\t\t\t\t<\/div>\n\t\t\t\t<\/div>\n\t\t\t\t\t<\/div>\n\t\t<\/div>\n\t\t\t\t<div class=\"elementor-column elementor-col-50 elementor-top-column elementor-element elementor-element-0b0e81d\" data-id=\"0b0e81d\" data-element_type=\"column\" data-e-type=\"column\">\n\t\t\t<div class=\"elementor-widget-wrap\">\n\t\t\t\t\t\t\t<\/div>\n\t\t<\/div>\n\t\t\t\t\t<\/div>\n\t\t<\/section>\n\t\t\t\t<section class=\"elementor-section elementor-top-section elementor-element elementor-element-495d52ff elementor-section-full_width elementor-section-height-min-height elementor-section-height-default elementor-section-items-middle\" data-id=\"495d52ff\" data-element_type=\"section\" data-e-type=\"section\" data-settings=\"{&quot;background_background&quot;:&quot;classic&quot;}\">\n\t\t\t\t\t\t<div class=\"elementor-container elementor-column-gap-default\">\n\t\t\t\t\t<div class=\"elementor-column elementor-col-50 elementor-top-column elementor-element elementor-element-67affd72\" data-id=\"67affd72\" data-element_type=\"column\" data-e-type=\"column\">\n\t\t\t<div class=\"elementor-widget-wrap\">\n\t\t\t\t\t\t\t<\/div>\n\t\t<\/div>\n\t\t\t\t<div class=\"elementor-column elementor-col-50 elementor-top-column elementor-element elementor-element-e55fbaf\" data-id=\"e55fbaf\" data-element_type=\"column\" data-e-type=\"column\">\n\t\t\t<div class=\"elementor-widget-wrap elementor-element-populated\">\n\t\t\t\t\t\t<div class=\"elementor-element elementor-element-27f37fb rotate-5-deg elementor-widget elementor-widget-heading\" data-id=\"27f37fb\" data-element_type=\"widget\" data-e-type=\"widget\" data-widget_type=\"heading.default\">\n\t\t\t\t<div class=\"elementor-widget-container\">\n\t\t\t\t\t<h2 class=\"elementor-heading-title elementor-size-default\">Health<\/h2>\t\t\t\t<\/div>\n\t\t\t\t<\/div>\n\t\t\t\t\t<\/div>\n\t\t<\/div>\n\t\t\t\t\t<\/div>\n\t\t<\/section>\n\t\t\t\t<section class=\"elementor-section elementor-top-section elementor-element elementor-element-19476be2 elementor-section-full_width elementor-section-height-min-height elementor-section-items-stretch elementor-section-height-default\" data-id=\"19476be2\" data-element_type=\"section\" data-e-type=\"section\">\n\t\t\t\t\t\t<div class=\"elementor-container elementor-column-gap-default\">\n\t\t\t\t\t<div class=\"elementor-column elementor-col-33 elementor-top-column elementor-element elementor-element-665838c4\" data-id=\"665838c4\" data-element_type=\"column\" data-e-type=\"column\">\n\t\t\t<div class=\"elementor-widget-wrap elementor-element-populated\">\n\t\t\t\t\t\t<div class=\"elementor-element elementor-element-383cdbe8 elementor-widget elementor-widget-text-editor\" data-id=\"383cdbe8\" data-element_type=\"widget\" data-e-type=\"widget\" data-widget_type=\"text-editor.default\">\n\t\t\t\t<div class=\"elementor-widget-container\">\n\t\t\t\t\t\t\t\t\t10% of the world's population lives on less than $1.90 a day and the cycle of poverty is strong. Some of the greatest tools in the fight against poverty come from the simplest solutions: training, loans, seeds, animals and access to a market. Helping someone support themselves brings change that will last a lifetime and effects that can be seen for generations. Women in particular are feeling the effects of entering a market that was previously closed to them, providing reliable income, autonomy and even security for them and their children.\t\t\t\t\t\t\t\t<\/div>\n\t\t\t\t<\/div>\n\t\t\t\t\t<\/div>\n\t\t<\/div>\n\t\t\t\t<div class=\"elementor-column elementor-col-33 elementor-top-column elementor-element elementor-element-7ad9c71c\" data-id=\"7ad9c71c\" data-element_type=\"column\" data-e-type=\"column\" data-settings=\"{&quot;background_background&quot;:&quot;classic&quot;}\">\n\t\t\t<div class=\"elementor-widget-wrap\">\n\t\t\t\t\t\t\t<\/div>\n\t\t<\/div>\n\t\t\t\t<div class=\"elementor-column elementor-col-33 elementor-top-column elementor-element elementor-element-e7f9fb7\" data-id=\"e7f9fb7\" data-element_type=\"column\" data-e-type=\"column\">\n\t\t\t<div class=\"elementor-widget-wrap\">\n\t\t\t\t\t\t\t<\/div>\n\t\t<\/div>\n\t\t\t\t\t<\/div>\n\t\t<\/section>\n\t\t\t\t<section class=\"elementor-section elementor-top-section elementor-element elementor-element-7d6a821 elementor-section-height-min-height elementor-section-items-stretch elementor-section-stretched elementor-section-boxed elementor-section-height-default\" data-id=\"7d6a821\" data-element_type=\"section\" data-e-type=\"section\" data-settings=\"{&quot;background_background&quot;:&quot;classic&quot;,&quot;stretch_section&quot;:&quot;section-stretched&quot;}\">\n\t\t\t\t\t\t<div class=\"elementor-container elementor-column-gap-default\">\n\t\t\t\t\t<div class=\"elementor-column elementor-col-33 elementor-top-column elementor-element elementor-element-28a4444\" data-id=\"28a4444\" data-element_type=\"column\" data-e-type=\"column\">\n\t\t\t<div class=\"elementor-widget-wrap\">\n\t\t\t\t\t\t\t<\/div>\n\t\t<\/div>\n\t\t\t\t<div class=\"elementor-column elementor-col-33 elementor-top-column elementor-element elementor-element-4be95a5 elementor-invisible\" data-id=\"4be95a5\" data-element_type=\"column\" data-e-type=\"column\" data-settings=\"{&quot;background_background&quot;:&quot;classic&quot;,&quot;animation&quot;:&quot;fadeInLeft&quot;}\">\n\t\t\t<div class=\"elementor-widget-wrap\">\n\t\t\t\t\t\t\t<\/div>\n\t\t<\/div>\n\t\t\t\t<div class=\"elementor-column elementor-col-33 elementor-top-column elementor-element elementor-element-4bffbfe elementor-invisible\" data-id=\"4bffbfe\" data-element_type=\"column\" data-e-type=\"column\" data-settings=\"{&quot;animation&quot;:&quot;fadeInRight&quot;}\">\n\t\t\t<div class=\"elementor-widget-wrap elementor-element-populated\">\n\t\t\t\t\t\t<div class=\"elementor-element elementor-element-7dfa0ba elementor-widget elementor-widget-heading\" data-id=\"7dfa0ba\" data-element_type=\"widget\" data-e-type=\"widget\" data-widget_type=\"heading.default\">\n\t\t\t\t<div class=\"elementor-widget-container\">\n\t\t\t\t\t<h2 class=\"elementor-heading-title elementor-size-default\">Awareness<\/h2>\t\t\t\t<\/div>\n\t\t\t\t<\/div>\n\t\t\t\t<div class=\"elementor-element elementor-element-5b2b745 elementor-widget elementor-widget-spacer\" data-id=\"5b2b745\" data-element_type=\"widget\" data-e-type=\"widget\" data-widget_type=\"spacer.default\">\n\t\t\t\t<div class=\"elementor-widget-container\">\n\t\t\t\t\t\t\t<div class=\"elementor-spacer\">\n\t\t\t<div class=\"elementor-spacer-inner\"><\/div>\n\t\t<\/div>\n\t\t\t\t\t\t<\/div>\n\t\t\t\t<\/div>\n\t\t\t\t<div class=\"elementor-element elementor-element-ec2b5d0 elementor-widget elementor-widget-text-editor\" data-id=\"ec2b5d0\" data-element_type=\"widget\" data-e-type=\"widget\" data-widget_type=\"text-editor.default\">\n\t\t\t\t<div class=\"elementor-widget-container\">\n\t\t\t\t\t\t\t\t\tWe raise awareness and provide training on HIV AIDS, the benefits of moringa etc...\t\t\t\t\t\t\t\t<\/div>\n\t\t\t\t<\/div>\n\t\t\t\t\t<\/div>\n\t\t<\/div>\n\t\t\t\t\t<\/div>\n\t\t<\/section>\n\t\t\t\t<section class=\"elementor-section elementor-top-section elementor-element elementor-element-11c0e5c elementor-section-height-min-height elementor-section-items-stretch elementor-section-boxed elementor-section-height-default\" data-id=\"11c0e5c\" data-element_type=\"section\" data-e-type=\"section\">\n\t\t\t\t\t\t<div class=\"elementor-container elementor-column-gap-default\">\n\t\t\t\t\t<div class=\"elementor-column elementor-col-25 elementor-top-column elementor-element elementor-element-d674701\" data-id=\"d674701\" data-element_type=\"column\" data-e-type=\"column\">\n\t\t\t<div class=\"elementor-widget-wrap\">\n\t\t\t\t\t\t\t<\/div>\n\t\t<\/div>\n\t\t\t\t<div class=\"elementor-column elementor-col-25 elementor-top-column elementor-element elementor-element-936511b elementor-invisible\" data-id=\"936511b\" data-element_type=\"column\" data-e-type=\"column\" data-settings=\"{&quot;animation&quot;:&quot;fadeInRight&quot;}\">\n\t\t\t<div class=\"elementor-widget-wrap elementor-element-populated\">\n\t\t\t\t\t\t<div class=\"elementor-element elementor-element-beea472 elementor-widget elementor-widget-heading\" data-id=\"beea472\" data-element_type=\"widget\" data-e-type=\"widget\" data-widget_type=\"heading.default\">\n\t\t\t\t<div class=\"elementor-widget-container\">\n\t\t\t\t\t<h2 class=\"elementor-heading-title elementor-size-default\">Take action today<\/h2>\t\t\t\t<\/div>\n\t\t\t\t<\/div>\n\t\t\t\t<div class=\"elementor-element elementor-element-762849f elementor-widget elementor-widget-spacer\" data-id=\"762849f\" data-element_type=\"widget\" data-e-type=\"widget\" data-widget_type=\"spacer.default\">\n\t\t\t\t<div class=\"elementor-widget-container\">\n\t\t\t\t\t\t\t<div class=\"elementor-spacer\">\n\t\t\t<div class=\"elementor-spacer-inner\"><\/div>\n\t\t<\/div>\n\t\t\t\t\t\t<\/div>\n\t\t\t\t<\/div>\n\t\t\t\t<div class=\"elementor-element elementor-element-3bfdbbb3 elementor-align-center elementor-widget elementor-widget-button\" data-id=\"3bfdbbb3\" data-element_type=\"widget\" data-e-type=\"widget\" testing=\"lol\" data-widget_type=\"button.default\">\n\t\t\t\t<div class=\"elementor-widget-container\">\n\t\t\t\t\t\t\t\t\t<div class=\"elementor-button-wrapper\">\n\t\t\t\t\t<a class=\"elementor-button elementor-button-link elementor-size-xl\" href=\"https:\/\/adratogo.org\/en\/contact\/\">\n\t\t\t\t\t\t<span class=\"elementor-button-content-wrapper\">\n\t\t\t\t\t\t\t\t\t<span class=\"elementor-button-text\">Impacting the world<\/span>\n\t\t\t\t\t<\/span>\n\t\t\t\t\t<\/a>\n\t\t\t\t<\/div>\n\t\t\t\t\t\t\t\t<\/div>\n\t\t\t\t<\/div>\n\t\t\t\t\t<\/div>\n\t\t<\/div>\n\t\t\t\t<div class=\"elementor-column elementor-col-25 elementor-top-column elementor-element elementor-element-d93e189\" data-id=\"d93e189\" data-element_type=\"column\" data-e-type=\"column\">\n\t\t\t<div class=\"elementor-widget-wrap\">\n\t\t\t\t\t\t\t<\/div>\n\t\t<\/div>\n\t\t\t\t<div class=\"elementor-column elementor-col-25 elementor-top-column elementor-element elementor-element-8a58730\" data-id=\"8a58730\" data-element_type=\"column\" data-e-type=\"column\" data-settings=\"{&quot;background_background&quot;:&quot;classic&quot;}\">\n\t\t\t<div class=\"elementor-widget-wrap\">\n\t\t\t\t\t\t\t<\/div>\n\t\t<\/div>\n\t\t\t\t\t<\/div>\n\t\t<\/section>\n\t\t\t\t<section class=\"elementor-section elementor-top-section elementor-element elementor-element-dd6edf2 elementor-section-height-min-height elementor-section-boxed elementor-section-height-default elementor-section-items-middle\" data-id=\"dd6edf2\" data-element_type=\"section\" data-e-type=\"section\" data-settings=\"{&quot;background_background&quot;:&quot;classic&quot;}\">\n\t\t\t\t\t\t<div class=\"elementor-container elementor-column-gap-default\">\n\t\t\t\t\t<div class=\"elementor-column elementor-col-50 elementor-top-column elementor-element elementor-element-2b51d22\" data-id=\"2b51d22\" data-element_type=\"column\" data-e-type=\"column\">\n\t\t\t<div class=\"elementor-widget-wrap elementor-element-populated\">\n\t\t\t\t\t\t<div class=\"elementor-element elementor-element-818a0b0 elementor-widget elementor-widget-heading\" data-id=\"818a0b0\" data-element_type=\"widget\" data-e-type=\"widget\" data-widget_type=\"heading.default\">\n\t\t\t\t<div class=\"elementor-widget-container\">\n\t\t\t\t\t<h2 class=\"elementor-heading-title elementor-size-default\">Articles<\/h2>\t\t\t\t<\/div>\n\t\t\t\t<\/div>\n\t\t\t\t\t<\/div>\n\t\t<\/div>\n\t\t\t\t<div class=\"elementor-column elementor-col-50 elementor-top-column elementor-element elementor-element-146152a\" data-id=\"146152a\" data-element_type=\"column\" data-e-type=\"column\">\n\t\t\t<div class=\"elementor-widget-wrap\">\n\t\t\t\t\t\t\t<\/div>\n\t\t<\/div>\n\t\t\t\t\t<\/div>\n\t\t<\/section>\n\t\t\t\t<section class=\"elementor-section elementor-top-section elementor-element elementor-element-4a8ddc5 elementor-section-stretched elementor-section-boxed elementor-section-height-default elementor-section-height-default\" data-id=\"4a8ddc5\" data-element_type=\"section\" data-e-type=\"section\" data-settings=\"{&quot;stretch_section&quot;:&quot;section-stretched&quot;}\">\n\t\t\t\t\t\t<div class=\"elementor-container elementor-column-gap-no\">\n\t\t\t\t\t<div class=\"elementor-column elementor-col-100 elementor-top-column elementor-element elementor-element-08fa0a2\" data-id=\"08fa0a2\" data-element_type=\"column\" data-e-type=\"column\">\n\t\t\t<div class=\"elementor-widget-wrap elementor-element-populated\">\n\t\t\t\t\t\t<div class=\"elementor-element elementor-element-7e737df elementor-grid-3 elementor-grid-tablet-2 elementor-grid-mobile-1 elementor-widget elementor-widget-portfolio\" data-id=\"7e737df\" data-element_type=\"widget\" data-e-type=\"widget\" data-settings=\"{&quot;columns&quot;:&quot;3&quot;,&quot;columns_tablet&quot;:&quot;2&quot;,&quot;columns_mobile&quot;:&quot;1&quot;,&quot;item_ratio&quot;:{&quot;unit&quot;:&quot;px&quot;,&quot;size&quot;:0.66,&quot;sizes&quot;:[]},&quot;item_gap&quot;:{&quot;unit&quot;:&quot;px&quot;,&quot;size&quot;:&quot;&quot;,&quot;sizes&quot;:[]},&quot;row_gap&quot;:{&quot;unit&quot;:&quot;px&quot;,&quot;size&quot;:&quot;&quot;,&quot;sizes&quot;:[]}}\" data-widget_type=\"portfolio.default\">\n\t\t\t\t<div class=\"elementor-widget-container\">\n\t\t\t\t\t\t\t<ul class=\"elementor-portfolio__filters\">\n\t\t\t<li class=\"elementor-portfolio__filter elementor-active\" tabindex=\"0\" data-filter=\"__all\">All<\/li>\n\t\t\t\t\t\t\t<li class=\"elementor-portfolio__filter\" tabindex=\"0\" data-filter=\"58\">Community Health<\/li>\n\t\t\t\t\t<\/ul>\n\t\t\t\t<div class=\"elementor-portfolio elementor-grid elementor-posts-container\" role=\"list\">\n\t\t\t\t<article class=\"elementor-portfolio-item elementor-post elementor-filter-58 post-16164 post type-post status-publish format-standard has-post-thumbnail hentry category-health tag-community-health\" role=\"listitem\">\n\t\t\t<a class=\"elementor-post__thumbnail__link\" href=\"https:\/\/adratogo.org\/en\/journee-mondiale-de-la-sante-ce-7-avril\/\">\n\t\t\t\t<div class=\"elementor-portfolio-item__img elementor-post__thumbnail\">\n\t\t\t<img fetchpriority=\"high\" decoding=\"async\" width=\"300\" height=\"232\" src=\"https:\/\/adratogo.org\/wp-content\/uploads\/2022\/11\/278156604_5319398108084210_6277271615348551874_n-300x232.jpg\" class=\"attachment-medium size-medium wp-image-16165\" alt=\"\" srcset=\"https:\/\/adratogo.org\/wp-content\/uploads\/2022\/11\/278156604_5319398108084210_6277271615348551874_n-300x232.jpg 300w, https:\/\/adratogo.org\/wp-content\/uploads\/2022\/11\/278156604_5319398108084210_6277271615348551874_n.jpg 582w\" sizes=\"(max-width: 300px) 100vw, 300px\" \/>\t\t<\/div>\n\t\t\t\t<div class=\"elementor-portfolio-item__overlay\">\n\t\t\t\t<h3 class=\"elementor-portfolio-item__title\">\n\t\tWorld Health Day this April 7\t\t<\/h3>\n\t\t\t\t<\/div>\n\t\t\t\t<\/a>\n\t\t<\/article>\n\t\t\t\t<article class=\"elementor-portfolio-item elementor-post elementor-filter-58 post-16160 post type-post status-publish format-standard has-post-thumbnail hentry category-health tag-community-health\" role=\"listitem\">\n\t\t\t<a class=\"elementor-post__thumbnail__link\" href=\"https:\/\/adratogo.org\/en\/sensibilisation-dans-lave-vih-sida\/\">\n\t\t\t\t<div class=\"elementor-portfolio-item__img elementor-post__thumbnail\">\n\t\t\t<img decoding=\"async\" width=\"300\" height=\"201\" src=\"https:\/\/adratogo.org\/wp-content\/uploads\/2022\/11\/Sensibilisation-a-loccasion-de-la-Journee-Mondiale-de-lutte-contre-le-Sida-dans-lAve-2-300x201.jpg\" class=\"attachment-medium size-medium wp-image-16138\" alt=\"\" srcset=\"https:\/\/adratogo.org\/wp-content\/uploads\/2022\/11\/Sensibilisation-a-loccasion-de-la-Journee-Mondiale-de-lutte-contre-le-Sida-dans-lAve-2-300x201.jpg 300w, https:\/\/adratogo.org\/wp-content\/uploads\/2022\/11\/Sensibilisation-a-loccasion-de-la-Journee-Mondiale-de-lutte-contre-le-Sida-dans-lAve-2-1024x685.jpg 1024w, https:\/\/adratogo.org\/wp-content\/uploads\/2022\/11\/Sensibilisation-a-loccasion-de-la-Journee-Mondiale-de-lutte-contre-le-Sida-dans-lAve-2-768x514.jpg 768w, https:\/\/adratogo.org\/wp-content\/uploads\/2022\/11\/Sensibilisation-a-loccasion-de-la-Journee-Mondiale-de-lutte-contre-le-Sida-dans-lAve-2-1536x1028.jpg 1536w, https:\/\/adratogo.org\/wp-content\/uploads\/2022\/11\/Sensibilisation-a-loccasion-de-la-Journee-Mondiale-de-lutte-contre-le-Sida-dans-lAve-2-2048x1371.jpg 2048w, https:\/\/adratogo.org\/wp-content\/uploads\/2022\/11\/Sensibilisation-a-loccasion-de-la-Journee-Mondiale-de-lutte-contre-le-Sida-dans-lAve-2-2000x1339.jpg 2000w\" sizes=\"(max-width: 300px) 100vw, 300px\" \/>\t\t<\/div>\n\t\t\t\t<div class=\"elementor-portfolio-item__overlay\">\n\t\t\t\t<h3 class=\"elementor-portfolio-item__title\">\n\t\tsensitization Av\u00e9 -- VIH SIDA\t\t<\/h3>\n\t\t\t\t<\/div>\n\t\t\t\t<\/a>\n\t\t<\/article>\n\t\t\t\t<\/div>\n\t\t\t\t\t\t<\/div>\n\t\t\t\t<\/div>\n\t\t\t\t\t<\/div>\n\t\t<\/div>\n\t\t\t\t\t<\/div>\n\t\t<\/section>\n\t\t\t\t<\/div>","protected":false},"excerpt":{"rendered":"<p>Sant\u00e9 Sant\u00e9 10 % de la population mondiale vit avec moins de 1,90 dollar par jour et le cycle de la pauvret\u00e9 est fort. Certains des plus grands outils de lutte contre la pauvret\u00e9 proviennent des solutions les plus simples : formation, pr\u00eats, semences, animaux et acc\u00e8s \u00e0 un march\u00e9. Aider quelqu&rsquo;un \u00e0 subvenir \u00e0 [&hellip;]<\/p>\n","protected":false},"author":2,"featured_media":0,"parent":12590,"menu_order":0,"comment_status":"closed","ping_status":"closed","template":"","meta":{"footnotes":""},"class_list":["post-12796","page","type-page","status-publish","hentry"],"_links":{"self":[{"href":"https:\/\/adratogo.org\/en\/wp-json\/wp\/v2\/pages\/12796","targetHints":{"allow":["GET"]}}],"collection":[{"href":"https:\/\/adratogo.org\/en\/wp-json\/wp\/v2\/pages"}],"about":[{"href":"https:\/\/adratogo.org\/en\/wp-json\/wp\/v2\/types\/page"}],"author":[{"embeddable":true,"href":"https:\/\/adratogo.org\/en\/wp-json\/wp\/v2\/users\/2"}],"replies":[{"embeddable":true,"href":"https:\/\/adratogo.org\/en\/wp-json\/wp\/v2\/comments?post=12796"}],"version-history":[{"count":80,"href":"https:\/\/adratogo.org\/en\/wp-json\/wp\/v2\/pages\/12796\/revisions"}],"predecessor-version":[{"id":16973,"href":"https:\/\/adratogo.org\/en\/wp-json\/wp\/v2\/pages\/12796\/revisions\/16973"}],"up":[{"embeddable":true,"href":"https:\/\/adratogo.org\/en\/wp-json\/wp\/v2\/pages\/12590"}],"wp:attachment":[{"href":"https:\/\/adratogo.org\/en\/wp-json\/wp\/v2\/media?parent=12796"}],"curies":[{"name":"wp","href":"https:\/\/api.w.org\/{rel}","templated":true}]}}